{"id":45,"date":"2020-07-27T08:51:40","date_gmt":"2020-07-27T08:51:40","guid":{"rendered":"http:\/\/perspectives.ujep.cz\/?page_id=45"},"modified":"2020-11-05T19:26:37","modified_gmt":"2020-11-05T19:26:37","slug":"perspectives","status":"publish","type":"page","link":"https:\/\/ticass.ujep.cz\/perspectives\/","title":{"rendered":"PERSPECTIVES"},"content":{"rendered":"\n<div class=\"persp\">&nbsp;<\/div>\n\n\n\n<div style=\"height:400px\" aria-hidden=\"true\" class=\"wp-block-spacer\"><\/div>\n\n\n\n<hr class=\"wp-block-separator is-style-wide\"\/>\n\n\n\n<h2 class=\"xh2\">Faculty of Art and Design<br>at Jan Evangelista Purkyne University<br>in \u00dast\u00ed nad Labem invites you to the international <strong>online conference<\/strong><\/h2>\n\n\n\n<hr class=\"wp-block-separator is-style-wide\"\/>\n\n\n\n<p class=\"has-text-align-center\">\u2192 <a href=\"https:\/\/perspectives.ujep.cz\/program\/\" data-type=\"page\" data-id=\"12\">see the program of online conference<\/a><\/p>\n\n\n\n<div style=\"height:400px\" aria-hidden=\"true\" class=\"wp-block-spacer\"><\/div>\n\n\n\n<div class=\"wp-block-cover has-parallax\" style=\"background-image:url(http:\/\/perspectives.ujep.cz\/wp-content\/uploads\/2020\/09\/fud-ujep.jpg);min-height:1000px\"><div class=\"wp-block-cover__inner-container\">\n<p class=\"has-text-align-center has-large-font-size\"><\/p>\n<\/div><\/div>\n\n\n\n<div style=\"height:20px\" aria-hidden=\"true\" class=\"wp-block-spacer\"><\/div>\n\n\n\n<p class=\"has-text-align-center\">Campus of Jan Evangelista Purkyn\u011b University (JEPU), Pasteurova 9, \u00dast\u00ed nad Labem (Czech Republic)<br>@ Auditoriums of Faculty of Art and Design JEPU<\/p>\n\n\n\n<div style=\"height:200px\" aria-hidden=\"true\" class=\"wp-block-spacer\"><\/div>\n\n\n\n<h2 class=\"xh3\">PERSPECTIVES \u2014 Educational Aspects of&nbsp;Technologies of&nbsp;Imaging in the Perspective of&nbsp;Visual Literacy<\/h2>\n\n\n\n<div style=\"height:60px\" aria-hidden=\"true\" class=\"wp-block-spacer\"><\/div>\n\n\n\n<div class=\"wp-block-columns are-vertically-aligned-center\">\n<div class=\"wp-block-column is-vertically-aligned-center\" style=\"flex-basis:33.33%\">\n<p class=\"has-text-align-center\"><span class=\"date-b\">22<\/span><span class=\"date-l\">\u2014<br>\u2014<\/span><span class=\"date-b\">23<br>OCT<\/span><br><span class=\"date-l\">2020<\/span><\/p>\n<\/div>\n\n\n\n<div class=\"wp-block-column is-vertically-aligned-center\" style=\"flex-basis:66.66%\">\n<p>The PERSPECTIVES conference focuses on the technology of imaging, visual literacy, educational aspects of art and culture, and the art approach to informal education. The conference will introduce various art education systems and concepts used at universities as well as bring information about the theoretical framework in visual communications.<\/p>\n\n\n\n<p>The three main panels of the conference reflect the essential topics announced within the open call \u2014 the modes of visual communication in art, education, and visual literacy. The three main panels of the conference have the titles: Medium as a Message in Visual Arts, Education Approaches Focus on Visual Thinking, Visual Literacy as a Tool for Creative Thinking.<\/p>\n<\/div>\n<\/div>\n\n\n\n<p>The conference is a part of project TICASS and this project has received funding from the European Union&#8217;s Horizon 2020 research and innovation programme under grant agreement \u2116 734602 (Funding programme&nbsp;H2020-MSCA-RISE-2016).<\/p>\n\n\n\n<div style=\"height:200px\" aria-hidden=\"true\" class=\"wp-block-spacer\"><\/div>\n\n\n\n<h3 class=\"xh3\">PROJECT PARTNERS<\/h3>\n\n\n\n<div class=\"wp-block-columns\">\n<div class=\"wp-block-column\">\n<figure class=\"wp-block-image size-large\"><img loading=\"lazy\" width=\"300\" height=\"100\" src=\"http:\/\/perspectives.ujep.cz\/wp-content\/uploads\/2020\/09\/partner_AASZ.png\" alt=\"AASZ\" class=\"wp-image-486\" srcset=\"https:\/\/ticass.ujep.cz\/perspectives\/wp-content\/uploads\/2020\/09\/partner_AASZ.png 300w, https:\/\/ticass.ujep.cz\/perspectives\/wp-content\/uploads\/2020\/09\/partner_AASZ-160x53.png 160w\" sizes=\"(max-width: 300px) 100vw, 300px\" \/><\/figure>\n\n\n\n<figure class=\"wp-block-image size-full\"><img loading=\"lazy\" width=\"300\" height=\"100\" src=\"http:\/\/perspectives.ujep.cz\/wp-content\/uploads\/2020\/09\/partner_UNIMC.png\" alt=\"UNIMC\" class=\"wp-image-491\" srcset=\"https:\/\/ticass.ujep.cz\/perspectives\/wp-content\/uploads\/2020\/09\/partner_UNIMC.png 300w, https:\/\/ticass.ujep.cz\/perspectives\/wp-content\/uploads\/2020\/09\/partner_UNIMC-160x53.png 160w\" sizes=\"(max-width: 300px) 100vw, 300px\" \/><\/figure>\n<\/div>\n\n\n\n<div class=\"wp-block-column\">\n<figure class=\"wp-block-image size-full\"><img loading=\"lazy\" width=\"300\" height=\"100\" src=\"http:\/\/perspectives.ujep.cz\/wp-content\/uploads\/2020\/09\/partner_PU.png\" alt=\"PU\" class=\"wp-image-487\" srcset=\"https:\/\/ticass.ujep.cz\/perspectives\/wp-content\/uploads\/2020\/09\/partner_PU.png 300w, https:\/\/ticass.ujep.cz\/perspectives\/wp-content\/uploads\/2020\/09\/partner_PU-160x53.png 160w\" sizes=\"(max-width: 300px) 100vw, 300px\" \/><\/figure>\n\n\n\n<figure class=\"wp-block-image size-full\"><img loading=\"lazy\" width=\"300\" height=\"100\" src=\"http:\/\/perspectives.ujep.cz\/wp-content\/uploads\/2020\/09\/partner_SENK.png\" alt=\"SENK\" class=\"wp-image-489\" srcset=\"https:\/\/ticass.ujep.cz\/perspectives\/wp-content\/uploads\/2020\/09\/partner_SENK.png 300w, https:\/\/ticass.ujep.cz\/perspectives\/wp-content\/uploads\/2020\/09\/partner_SENK-160x53.png 160w\" sizes=\"(max-width: 300px) 100vw, 300px\" \/><\/figure>\n<\/div>\n\n\n\n<div class=\"wp-block-column\">\n<figure class=\"wp-block-image size-full\"><img loading=\"lazy\" width=\"300\" height=\"100\" src=\"http:\/\/perspectives.ujep.cz\/wp-content\/uploads\/2020\/09\/partner_PUNO.png\" alt=\"PUNO\" class=\"wp-image-488\" srcset=\"https:\/\/ticass.ujep.cz\/perspectives\/wp-content\/uploads\/2020\/09\/partner_PUNO.png 300w, https:\/\/ticass.ujep.cz\/perspectives\/wp-content\/uploads\/2020\/09\/partner_PUNO-160x53.png 160w\" sizes=\"(max-width: 300px) 100vw, 300px\" \/><\/figure>\n\n\n\n<figure class=\"wp-block-image size-full\"><img loading=\"lazy\" width=\"300\" height=\"100\" src=\"http:\/\/perspectives.ujep.cz\/wp-content\/uploads\/2020\/09\/partner_UJEP.png\" alt=\"UJEP\" class=\"wp-image-490\" srcset=\"https:\/\/ticass.ujep.cz\/perspectives\/wp-content\/uploads\/2020\/09\/partner_UJEP.png 300w, https:\/\/ticass.ujep.cz\/perspectives\/wp-content\/uploads\/2020\/09\/partner_UJEP-160x53.png 160w\" sizes=\"(max-width: 300px) 100vw, 300px\" \/><\/figure>\n<\/div>\n<\/div>\n\n\n\n<div style=\"height:60px\" aria-hidden=\"true\" class=\"wp-block-spacer\"><\/div>\n\n\n\n<div class=\"wp-block-columns\">\n<div class=\"wp-block-column\"><\/div>\n\n\n\n<div class=\"wp-block-column\" style=\"flex-basis:70%\">\n<ul class=\"xlink\"><li><a rel=\"noreferrer noopener\" href=\"https:\/\/akademiasztuki.eu\/\" target=\"_blank\">AASZ \u2014 Academy of Art in Szczecin [PL]<\/a><ul><li><a rel=\"noreferrer noopener\" href=\"https:\/\/www.pu.ac.ke\/\" target=\"_blank\">PU \u2014 Pwani University, Kilifi [KE]<\/a><ul><li><a rel=\"noreferrer noopener\" href=\"https:\/\/puno.edu.pl\/the-polish-university-abroad-in-london\/\" target=\"_blank\">PUNO \u2014 The Polish University Abroad in London [GB]<\/a><ul><li><a rel=\"noreferrer noopener\" href=\"https:\/\/www.unimc.it\/en\" target=\"_blank\">UNIMC \u2014 University of Macerata [IT]<\/a><ul><li><a rel=\"noreferrer noopener\" href=\"http:\/\/www.stowarzyszenie-senk.org.pl\/\" target=\"_blank\">SENK \u2014 Association of Science, Education, Culture [PL]<\/a><ul><li><a rel=\"noreferrer noopener\" href=\"https:\/\/www.ujep.cz\/en\/\" target=\"_blank\">UJEP \u2014 Jan Evangelista Purkyn\u011b University in \u00dast\u00ed nad Labem [CZ]<\/a><\/li><\/ul><\/li><\/ul><\/li><\/ul><\/li><\/ul><\/li><\/ul><\/li><\/ul>\n<\/div>\n\n\n\n<div class=\"wp-block-column\"><\/div>\n<\/div>\n\n\n\n<div style=\"height:160px\" aria-hidden=\"true\" class=\"wp-block-spacer\"><\/div>\n\n\n\n<h3 class=\"xh3\">THE PROJECT IS SUPPORTED BY<\/h3>\n\n\n\n<div style=\"height:20px\" aria-hidden=\"true\" class=\"wp-block-spacer\"><\/div>\n\n\n\n<figure class=\"wp-block-image size-large\"><img loading=\"lazy\" width=\"1020\" height=\"82\" src=\"http:\/\/perspectives.ujep.cz\/wp-content\/uploads\/2020\/09\/supported-by_logos-1.png\" alt=\"\" class=\"wp-image-744\" srcset=\"https:\/\/ticass.ujep.cz\/perspectives\/wp-content\/uploads\/2020\/09\/supported-by_logos-1.png 1020w, https:\/\/ticass.ujep.cz\/perspectives\/wp-content\/uploads\/2020\/09\/supported-by_logos-1-300x24.png 300w, https:\/\/ticass.ujep.cz\/perspectives\/wp-content\/uploads\/2020\/09\/supported-by_logos-1-768x62.png 768w, https:\/\/ticass.ujep.cz\/perspectives\/wp-content\/uploads\/2020\/09\/supported-by_logos-1-550x44.png 550w, https:\/\/ticass.ujep.cz\/perspectives\/wp-content\/uploads\/2020\/09\/supported-by_logos-1-160x13.png 160w\" sizes=\"(max-width: 1020px) 100vw, 1020px\" \/><\/figure>\n\n\n\n<p><\/p>\n","protected":false},"excerpt":{"rendered":"<p>&nbsp; Faculty of Art and Designat Jan Evangelista Purkyne Universityin \u00dast\u00ed nad Labem invites you to the international online conference \u2192 see the program of online conference Campus of Jan Evangelista Purkyn\u011b University (JEPU), Pasteurova 9, \u00dast\u00ed nad Labem (Czech Republic)@ Auditoriums of Faculty of Art and Design JEPU PERSPECTIVES \u2014 Educational Aspects of&nbsp;Technologies of&nbsp;Imaging [&hellip;]<\/p>\n<a class=\"read-more-link\" href=\" https:\/\/ticass.ujep.cz\/perspectives\/ \">Read more<\/a>","protected":false},"author":1,"featured_media":0,"parent":0,"menu_order":0,"comment_status":"closed","ping_status":"closed","template":"","meta":[],"_links":{"self":[{"href":"https:\/\/ticass.ujep.cz\/perspectives\/wp-json\/wp\/v2\/pages\/45"}],"collection":[{"href":"https:\/\/ticass.ujep.cz\/perspectives\/wp-json\/wp\/v2\/pages"}],"about":[{"href":"https:\/\/ticass.ujep.cz\/perspectives\/wp-json\/wp\/v2\/types\/page"}],"author":[{"embeddable":true,"href":"https:\/\/ticass.ujep.cz\/perspectives\/wp-json\/wp\/v2\/users\/1"}],"replies":[{"embeddable":true,"href":"https:\/\/ticass.ujep.cz\/perspectives\/wp-json\/wp\/v2\/comments?post=45"}],"version-history":[{"count":69,"href":"https:\/\/ticass.ujep.cz\/perspectives\/wp-json\/wp\/v2\/pages\/45\/revisions"}],"predecessor-version":[{"id":864,"href":"https:\/\/ticass.ujep.cz\/perspectives\/wp-json\/wp\/v2\/pages\/45\/revisions\/864"}],"wp:attachment":[{"href":"https:\/\/ticass.ujep.cz\/perspectives\/wp-json\/wp\/v2\/media?parent=45"}],"curies":[{"name":"wp","href":"https:\/\/api.w.org\/{rel}","templated":true}]}}