{"id":24,"date":"2020-07-21T10:04:24","date_gmt":"2020-07-21T10:04:24","guid":{"rendered":"http:\/\/perspectives.ujep.cz\/?page_id=24"},"modified":"2020-10-13T14:23:40","modified_gmt":"2020-10-13T14:23:40","slug":"contact","status":"publish","type":"page","link":"https:\/\/ticass.ujep.cz\/perspectives\/contact\/","title":{"rendered":"CONTACT"},"content":{"rendered":"\n<div class=\"wp-block-cover has-parallax\" style=\"background-image:url(http:\/\/perspectives.ujep.cz\/wp-content\/uploads\/2020\/07\/fud01.jpg);min-height:1000px\"><div class=\"wp-block-cover__inner-container\">\n<p class=\"has-text-align-center has-large-font-size\"><\/p>\n<\/div><\/div>\n\n\n\n<div style=\"height:100px\" aria-hidden=\"true\" class=\"wp-block-spacer\"><\/div>\n\n\n\n<div class=\"wp-block-columns are-vertically-aligned-bottom\">\n<div class=\"wp-block-column is-vertically-aligned-bottom\">\n<h3 class=\"xh3\">ADDRESS OF ORGANIZER<\/h3>\n\n\n\n<p class=\"has-text-align-center xlink\"><strong>Faculty of Art and Design<\/strong><br>at Jan Evangelista Purkyn\u011b University in \u00dast\u00ed nad Labem<br>Pasteurova 9, campus JEPU<br>400 96\u2002\u00dast\u00ed nad Labem, CZ<br><a href=\"https:\/\/fud.ujep.cz\/en\/\">fud.ujep.cz\/en<\/a><\/p>\n\n\n\n<p><\/p>\n<\/div>\n\n\n\n<div class=\"wp-block-column is-vertically-aligned-bottom\">\n<h3 class=\"xh3\">COORDINATION<br>&amp; PRODUCTION<\/h3>\n\n\n\n<p class=\"has-text-align-center xlink\"><strong>Ad\u00e9la Machov\u00e1<br><\/strong>conference coordinator<br><br>+420 601 385 504<br><a href=\"mailto:adela.machova@ticass.eu\">adela.machova[at]ticass.eu<\/a><br><a href=\"mailto:adela.machova@ujep.cz\">adela.machova[at]ujep.cz<\/a><br><\/p>\n<\/div>\n\n\n\n<div class=\"wp-block-column is-vertically-aligned-bottom\">\n<h3 class=\"xh3\">TEAM<\/h3>\n\n\n\n<p class=\"has-text-align-center\">Ad\u00e9la Machov\u00e1<br>Martin Marek<br>Pavel Mrkus<br>Zdena Kole\u010dkov\u00e1<br>Michal Kole\u010dek<br>Tom\u00e1\u0161 Pavl\u00ed\u010dek<\/p>\n<\/div>\n<\/div>\n\n\n\n<div style=\"height:100px\" aria-hidden=\"true\" class=\"wp-block-spacer\"><\/div>\n\n\n\n<iframe src=\"https:\/\/www.google.com\/maps\/embed?pb=!1m18!1m12!1m3!1d3210.451982232784!2d14.022449617551338!3d50.66592965408475!2m3!1f0!2f0!3f0!3m2!1i1024!2i768!4f13.1!3m3!1m2!1s0x470984b51dce5ab5%3A0xd4938f9969401c65!2sFakulta%20um%C4%9Bn%C3%AD%20a%20designu%20Univerzity%20Jana%20Evangelisty%20Purkyn%C4%9B!5e1!3m2!1sen!2scz!4v1599005953756!5m2!1sen!2scz\" width=\"100%\" height=\"600\" frameborder=\"0\" style=\"border:0;\" allowfullscreen=\"\" aria-hidden=\"false\" tabindex=\"0\"><\/iframe>\n\n\n\n<p><\/p>\n","protected":false},"excerpt":{"rendered":"<p>ADDRESS OF ORGANIZER Faculty of Art and Designat Jan Evangelista Purkyn\u011b University in \u00dast\u00ed nad LabemPasteurova 9, campus JEPU400 96\u2002\u00dast\u00ed nad Labem, CZfud.ujep.cz\/en COORDINATION&amp; PRODUCTION Ad\u00e9la Machov\u00e1conference coordinator +420 601 385 504adela.machova[at]ticass.euadela.machova[at]ujep.cz TEAM Ad\u00e9la Machov\u00e1Martin MarekPavel MrkusZdena Kole\u010dkov\u00e1Michal Kole\u010dekTom\u00e1\u0161 Pavl\u00ed\u010dek<\/p>\n<a class=\"read-more-link\" href=\" https:\/\/ticass.ujep.cz\/perspectives\/contact\/ \">Read more<\/a>","protected":false},"author":1,"featured_media":69,"parent":0,"menu_order":0,"comment_status":"closed","ping_status":"closed","template":"","meta":[],"_links":{"self":[{"href":"https:\/\/ticass.ujep.cz\/perspectives\/wp-json\/wp\/v2\/pages\/24"}],"collection":[{"href":"https:\/\/ticass.ujep.cz\/perspectives\/wp-json\/wp\/v2\/pages"}],"about":[{"href":"https:\/\/ticass.ujep.cz\/perspectives\/wp-json\/wp\/v2\/types\/page"}],"author":[{"embeddable":true,"href":"https:\/\/ticass.ujep.cz\/perspectives\/wp-json\/wp\/v2\/users\/1"}],"replies":[{"embeddable":true,"href":"https:\/\/ticass.ujep.cz\/perspectives\/wp-json\/wp\/v2\/comments?post=24"}],"version-history":[{"count":22,"href":"https:\/\/ticass.ujep.cz\/perspectives\/wp-json\/wp\/v2\/pages\/24\/revisions"}],"predecessor-version":[{"id":771,"href":"https:\/\/ticass.ujep.cz\/perspectives\/wp-json\/wp\/v2\/pages\/24\/revisions\/771"}],"wp:featuredmedia":[{"embeddable":true,"href":"https:\/\/ticass.ujep.cz\/perspectives\/wp-json\/wp\/v2\/media\/69"}],"wp:attachment":[{"href":"https:\/\/ticass.ujep.cz\/perspectives\/wp-json\/wp\/v2\/media?parent=24"}],"curies":[{"name":"wp","href":"https:\/\/api.w.org\/{rel}","templated":true}]}}