{"id":20,"date":"2020-07-21T10:04:13","date_gmt":"2020-07-21T10:04:13","guid":{"rendered":"http:\/\/perspectives.ujep.cz\/?page_id=20"},"modified":"2020-11-05T20:13:13","modified_gmt":"2020-11-05T20:13:13","slug":"papers","status":"publish","type":"page","link":"https:\/\/ticass.ujep.cz\/perspectives\/papers\/","title":{"rendered":"PAPERS"},"content":{"rendered":"\n<div style=\"height:100px\" aria-hidden=\"true\" class=\"wp-block-spacer\"><\/div>\n\n\n\n<h1 class=\"xh1\">MEDIUM AS A MESSAGE IN VISUAL ARTS<\/h1>\n\n\n\n<div style=\"height:100px\" aria-hidden=\"true\" class=\"wp-block-spacer\"><\/div>\n\n\n\n<div class=\"wp-block-columns\">\n<div class=\"wp-block-column\" style=\"flex-basis:33.33%\">\n<h3 class=\"xh3\" id=\"block-d3819d62-8f0d-44d2-90a9-80c6a36c2eb1\">J\u00e1nos Szoboszlai<\/h3>\n\n\n\n<p class=\"has-text-align-center\" id=\"block-d3819d62-8f0d-44d2-90a9-80c6a36c2eb1\"><a href=\"https:\/\/perspectives.ujep.cz\/janos-szoboszlai\/\">A Few Notes on Mediation and Discursivity in Contemporary Curatorial Practices<\/a><\/p>\n<\/div>\n\n\n\n<div class=\"wp-block-column\" style=\"flex-basis:66.66%\">\n<iframe src=\"https:\/\/archive.org\/embed\/janos-szoboszlai-5th-ticass-presentation\" width=\"658\" height=\"375\" frameborder=\"0\" webkitallowfullscreen=\"true\" mozallowfullscreen=\"true\" allowfullscreen=\"\"><\/iframe>\n<\/div>\n<\/div>\n\n\n\n<div style=\"height:100px\" aria-hidden=\"true\" class=\"wp-block-spacer\"><\/div>\n\n\n\n<div class=\"wp-block-columns\">\n<div class=\"wp-block-column\" style=\"flex-basis:66.66%\">\n<figure class=\"wp-block-video\"><video controls poster=\"https:\/\/perspectives.ujep.cz\/wp-content\/uploads\/2020\/11\/p_mrazikova.png\" src=\"https:\/\/perspectives.ujep.cz\/wp-content\/uploads\/2020\/10\/Eva-Mrazikova-5th-TICASS-presentation-Perspectives.mp4\"><\/video><\/figure>\n<\/div>\n\n\n\n<div class=\"wp-block-column\" style=\"flex-basis:33.33%\">\n<h3 class=\"xh3\" id=\"block-d3819d62-8f0d-44d2-90a9-80c6a36c2eb1\">Eva Mr\u00e1zikov\u00e1<\/h3>\n\n\n\n<p class=\"has-text-align-center\"><a href=\"https:\/\/perspectives.ujep.cz\/eva-mrazikova\/\">Display \u2014 Transformation of Installation and Curatorial Concepts at the Emil Filla Gallery in \u00dast\u00ed nad Labem<\/a><\/p>\n<\/div>\n<\/div>\n\n\n\n<div style=\"height:100px\" aria-hidden=\"true\" class=\"wp-block-spacer\"><\/div>\n\n\n\n<div class=\"wp-block-columns\">\n<div class=\"wp-block-column\" style=\"flex-basis:33.33%\">\n<h3 class=\"xh3\" id=\"block-d3819d62-8f0d-44d2-90a9-80c6a36c2eb1\">Tereza Havlovicov\u00e1<\/h3>\n\n\n\n<p class=\"has-text-align-center\" id=\"block-d3819d62-8f0d-44d2-90a9-80c6a36c2eb1\"><a href=\"https:\/\/perspectives.ujep.cz\/tereza-havlovicova\/\">Quality Issues of Selected Online Educational Programmes of Czech Galleries During the State of Emergency from March 2020<\/a><\/p>\n<\/div>\n\n\n\n<div class=\"wp-block-column\" style=\"flex-basis:66.66%\">\n<iframe src=\"https:\/\/archive.org\/embed\/tereza-havlovicova-5th-ticass-presentation\" width=\"658\" height=\"375\" frameborder=\"0\" webkitallowfullscreen=\"true\" mozallowfullscreen=\"true\" allowfullscreen=\"\"><\/iframe>\n<\/div>\n<\/div>\n\n\n\n<div style=\"height:100px\" aria-hidden=\"true\" class=\"wp-block-spacer\"><\/div>\n\n\n\n<div class=\"wp-block-columns\">\n<div class=\"wp-block-column\" style=\"flex-basis:66.66%\">\n<figure class=\"wp-block-video\"><video controls poster=\"https:\/\/perspectives.ujep.cz\/wp-content\/uploads\/2020\/11\/p_matousek.png\" src=\"https:\/\/perspectives.ujep.cz\/wp-content\/uploads\/2020\/11\/Pavel-Matousek_Going-fully-virtual-in-conceptual-thinking.mp4\"><\/video><\/figure>\n<\/div>\n\n\n\n<div class=\"wp-block-column\" style=\"flex-basis:33.33%\">\n<h3 class=\"xh3\" id=\"block-b2a312d6-99ab-469c-b187-cbfc466a7e1e\">Pavel Matou\u0161ek<\/h3>\n\n\n\n<p class=\"has-text-align-center\" id=\"block-b2a312d6-99ab-469c-b187-cbfc466a7e1e\"><a href=\"https:\/\/perspectives.ujep.cz\/pavel-matousek\/\">Going Fully Virtual in Conceptual Thinking<\/a><\/p>\n<\/div>\n<\/div>\n\n\n\n<div style=\"height:100px\" aria-hidden=\"true\" class=\"wp-block-spacer\"><\/div>\n\n\n\n<hr class=\"wp-block-separator is-style-wide\"\/>\n\n\n\n<div style=\"height:50px\" aria-hidden=\"true\" class=\"wp-block-spacer\"><\/div>\n\n\n\n<h1 class=\"xh1\">EDUCATION APPROACHES<br>FOCUS ON VISUAL THINKING<\/h1>\n\n\n\n<div style=\"height:100px\" aria-hidden=\"true\" class=\"wp-block-spacer\"><\/div>\n\n\n\n<div class=\"wp-block-columns\">\n<div class=\"wp-block-column\" style=\"flex-basis:33.33%\">\n<h3 class=\"xh3\">Kate\u0159ina Dytrtov\u00e1 &amp; Martin Raudensk\u00fd<\/h3>\n\n\n\n<p class=\"has-text-align-center\"><a href=\"https:\/\/perspectives.ujep.cz\/martin-raudensky\/\">Creation, method, education<\/a><\/p>\n<\/div>\n\n\n\n<div class=\"wp-block-column\" style=\"flex-basis:66.66%\">\n<figure class=\"wp-block-image size-large is-style-default\"><a href=\"https:\/\/archive.org\/details\/creation-method-education-2020-presentation-text\" target=\"_blank\" rel=\"noopener noreferrer\"><img loading=\"lazy\" width=\"1024\" height=\"641\" src=\"https:\/\/perspectives.ujep.cz\/wp-content\/uploads\/2020\/11\/p_dytrtova-raudensky-1024x641.png\" alt=\"\" class=\"wp-image-857\" srcset=\"https:\/\/ticass.ujep.cz\/perspectives\/wp-content\/uploads\/2020\/11\/p_dytrtova-raudensky-1024x641.png 1024w, https:\/\/ticass.ujep.cz\/perspectives\/wp-content\/uploads\/2020\/11\/p_dytrtova-raudensky-300x188.png 300w, https:\/\/ticass.ujep.cz\/perspectives\/wp-content\/uploads\/2020\/11\/p_dytrtova-raudensky-768x481.png 768w, https:\/\/ticass.ujep.cz\/perspectives\/wp-content\/uploads\/2020\/11\/p_dytrtova-raudensky-1536x962.png 1536w, https:\/\/ticass.ujep.cz\/perspectives\/wp-content\/uploads\/2020\/11\/p_dytrtova-raudensky-1100x689.png 1100w, https:\/\/ticass.ujep.cz\/perspectives\/wp-content\/uploads\/2020\/11\/p_dytrtova-raudensky-550x345.png 550w, https:\/\/ticass.ujep.cz\/perspectives\/wp-content\/uploads\/2020\/11\/p_dytrtova-raudensky-160x100.png 160w, https:\/\/ticass.ujep.cz\/perspectives\/wp-content\/uploads\/2020\/11\/p_dytrtova-raudensky.png 1724w\" sizes=\"(max-width: 1024px) 100vw, 1024px\" \/><\/a><\/figure>\n<\/div>\n<\/div>\n\n\n\n<div style=\"height:100px\" aria-hidden=\"true\" class=\"wp-block-spacer\"><\/div>\n\n\n\n<div class=\"wp-block-columns\">\n<div class=\"wp-block-column\" style=\"flex-basis:66.66%\">\n<figure class=\"wp-block-video\"><video controls poster=\"https:\/\/perspectives.ujep.cz\/wp-content\/uploads\/2020\/11\/p_mysakova.png\" src=\"https:\/\/perspectives.ujep.cz\/wp-content\/uploads\/2020\/11\/geringova_mysakova_pleyerova.mp4\"><\/video><\/figure>\n<\/div>\n\n\n\n<div class=\"wp-block-column\" style=\"flex-basis:33.33%\">\n<h3 class=\"xh3\">Jitka G\u00e9ringov\u00e1 &amp; Dagmar My\u0161\u00e1kov\u00e1 &amp; Patricie Pleyerov\u00e1<\/h3>\n\n\n\n<p class=\"has-text-align-center\"><a href=\"https:\/\/perspectives.ujep.cz\/jitka-geringova\/\">Artist As a Teacher. Pedagogical Concepts of Artist \u2014 Experts in the Field of Visual Art<\/a><\/p>\n<\/div>\n<\/div>\n\n\n\n<div style=\"height:100px\" aria-hidden=\"true\" class=\"wp-block-spacer\"><\/div>\n\n\n\n<div class=\"wp-block-columns\">\n<div class=\"wp-block-column\" style=\"flex-basis:33.33%\">\n<h3 class=\"xh3\">Ma\u0142gorzata Dancewicz<\/h3>\n\n\n\n<p class=\"has-text-align-center\"><a href=\"https:\/\/perspectives.ujep.cz\/malgorzata-dancewicz\/\">Belonging to One\u2019s Own Gaze. The Use of Eye Tracking Methods in New Media Art and Art Education<\/a><\/p>\n<\/div>\n\n\n\n<div class=\"wp-block-column\" style=\"flex-basis:66.66%\">\n<iframe src=\"https:\/\/archive.org\/embed\/malgorzata-dancewicz-5th-ticass-presentation_202011\" width=\"658\" height=\"375\" frameborder=\"0\" webkitallowfullscreen=\"true\" mozallowfullscreen=\"true\" allowfullscreen=\"\"><\/iframe>\n<\/div>\n<\/div>\n\n\n\n<div style=\"height:100px\" aria-hidden=\"true\" class=\"wp-block-spacer\"><\/div>\n\n\n\n<hr class=\"wp-block-separator is-style-wide\"\/>\n\n\n\n<div style=\"height:50px\" aria-hidden=\"true\" class=\"wp-block-spacer\"><\/div>\n\n\n\n<h1 class=\"xh1\">VISUAL LITERACY AS A TOOL FOR CREATIVE THINKING<\/h1>\n\n\n\n<div style=\"height:100px\" aria-hidden=\"true\" class=\"wp-block-spacer\"><\/div>\n\n\n\n<div class=\"wp-block-columns\">\n<div class=\"wp-block-column\" style=\"flex-basis:66.66%\">\n<iframe src=\"https:\/\/archive.org\/embed\/aleksandra-alcaraz-5th-ticass-presentation\" width=\"658\" height=\"375\" frameborder=\"0\" webkitallowfullscreen=\"true\" mozallowfullscreen=\"true\" allowfullscreen=\"\"><\/iframe>\n<\/div>\n\n\n\n<div class=\"wp-block-column\" style=\"flex-basis:33.33%\">\n<h3 class=\"xh3\">Aleksandra \u0141ukaszewicz Alcaraz<\/h3>\n\n\n\n<p class=\"has-text-align-center\"><a href=\"https:\/\/perspectives.ujep.cz\/aleksandra-lukaszewicz-alcaraz\/\">Importance of visual literacy for promotion of conservation and biodiversity for young people across West Africa. Implementing the Educational Recommendations for Studies in Media, Art and Design, developed within the TICASS project<\/a><\/p>\n<\/div>\n<\/div>\n\n\n\n<div style=\"height:100px\" aria-hidden=\"true\" class=\"wp-block-spacer\"><\/div>\n\n\n\n<div class=\"wp-block-columns\">\n<div class=\"wp-block-column\" style=\"flex-basis:33.33%\">\n<h3 class=\"xh3\">Jakub Konupka<\/h3>\n\n\n\n<p class=\"has-text-align-center\"><a href=\"https:\/\/perspectives.ujep.cz\/jakub-konupka\/\">Digital First: Visual Communication and Literacy in a World Dominated by Digital Media<\/a><\/p>\n<\/div>\n\n\n\n<div class=\"wp-block-column\" style=\"flex-basis:66.66%\">\n<figure class=\"wp-block-image size-large\"><a href=\"https:\/\/archive.org\/details\/jakub-konupka-digital-first-5th-ticass-presentation_202011\" target=\"_blank\" rel=\"noopener noreferrer\"><img loading=\"lazy\" width=\"1024\" height=\"576\" src=\"https:\/\/perspectives.ujep.cz\/wp-content\/uploads\/2020\/11\/p_konupka-1024x576.png\" alt=\"\" class=\"wp-image-859\" srcset=\"https:\/\/ticass.ujep.cz\/perspectives\/wp-content\/uploads\/2020\/11\/p_konupka-1024x576.png 1024w, https:\/\/ticass.ujep.cz\/perspectives\/wp-content\/uploads\/2020\/11\/p_konupka-300x169.png 300w, https:\/\/ticass.ujep.cz\/perspectives\/wp-content\/uploads\/2020\/11\/p_konupka-768x432.png 768w, https:\/\/ticass.ujep.cz\/perspectives\/wp-content\/uploads\/2020\/11\/p_konupka-1536x864.png 1536w, https:\/\/ticass.ujep.cz\/perspectives\/wp-content\/uploads\/2020\/11\/p_konupka-1100x619.png 1100w, https:\/\/ticass.ujep.cz\/perspectives\/wp-content\/uploads\/2020\/11\/p_konupka-550x309.png 550w, https:\/\/ticass.ujep.cz\/perspectives\/wp-content\/uploads\/2020\/11\/p_konupka-160x90.png 160w, https:\/\/ticass.ujep.cz\/perspectives\/wp-content\/uploads\/2020\/11\/p_konupka.png 1920w\" sizes=\"(max-width: 1024px) 100vw, 1024px\" \/><\/a><\/figure>\n<\/div>\n<\/div>\n\n\n\n<div style=\"height:100px\" aria-hidden=\"true\" class=\"wp-block-spacer\"><\/div>\n\n\n\n<div class=\"wp-block-columns\">\n<div class=\"wp-block-column\" style=\"flex-basis:66.66%\">\n<figure class=\"wp-block-video\"><video controls poster=\"https:\/\/perspectives.ujep.cz\/wp-content\/uploads\/2020\/11\/p_nemeskalova.png\" src=\"https:\/\/perspectives.ujep.cz\/wp-content\/uploads\/2020\/10\/Nemeskalova_Vazal_5th-TICASS-presentation.mp4\"><\/video><\/figure>\n<\/div>\n\n\n\n<div class=\"wp-block-column\" style=\"flex-basis:33.33%\">\n<h3 class=\"xh3\" id=\"block-7737f841-52b1-4ec0-9aaf-339b49a58de9\">Mark\u00e9ta Neme\u0161kalov\u00e1<br>&amp; Mat\u011bj V\u00e1zal<\/h3>\n\n\n\n<p class=\"has-text-align-center\" id=\"block-7737f841-52b1-4ec0-9aaf-339b49a58de9\"><a href=\"https:\/\/perspectives.ujep.cz\/marketa-nemeskalova\/\">Visualization in Service Design<\/a><\/p>\n<\/div>\n<\/div>\n\n\n\n<div style=\"height:100px\" aria-hidden=\"true\" class=\"wp-block-spacer\"><\/div>\n\n\n\n<div class=\"wp-block-columns\">\n<div class=\"wp-block-column\" style=\"flex-basis:33.33%\">\n<h3 class=\"xh3\">Barbora M\u00fcllerov\u00e1<\/h3>\n\n\n\n<p class=\"has-text-align-center\"><a href=\"https:\/\/perspectives.ujep.cz\/barbora-mullerova\/\">Socially Engaged Illustration and Artzines Across Europe<\/a><\/p>\n<\/div>\n\n\n\n<div class=\"wp-block-column\" style=\"flex-basis:66.66%\">\n<iframe src=\"https:\/\/archive.org\/embed\/barbora-mullerova-5th-ticass-presentation\" width=\"658\" height=\"375\" frameborder=\"0\" webkitallowfullscreen=\"true\" mozallowfullscreen=\"true\" allowfullscreen=\"\"><\/iframe>\n<\/div>\n<\/div>\n\n\n\n<div style=\"height:100px\" aria-hidden=\"true\" class=\"wp-block-spacer\"><\/div>\n","protected":false},"excerpt":{"rendered":"<p>MEDIUM AS A MESSAGE IN VISUAL ARTS J\u00e1nos Szoboszlai A Few Notes on Mediation and Discursivity in Contemporary Curatorial Practices Eva Mr\u00e1zikov\u00e1 Display \u2014 Transformation of Installation and Curatorial Concepts at the Emil Filla Gallery in \u00dast\u00ed nad Labem Tereza Havlovicov\u00e1 Quality Issues of Selected Online Educational Programmes of Czech Galleries During the State of [&hellip;]<\/p>\n<a class=\"read-more-link\" href=\" https:\/\/ticass.ujep.cz\/perspectives\/papers\/ \">Read more<\/a>","protected":false},"author":1,"featured_media":0,"parent":0,"menu_order":0,"comment_status":"closed","ping_status":"closed","template":"","meta":[],"_links":{"self":[{"href":"https:\/\/ticass.ujep.cz\/perspectives\/wp-json\/wp\/v2\/pages\/20"}],"collection":[{"href":"https:\/\/ticass.ujep.cz\/perspectives\/wp-json\/wp\/v2\/pages"}],"about":[{"href":"https:\/\/ticass.ujep.cz\/perspectives\/wp-json\/wp\/v2\/types\/page"}],"author":[{"embeddable":true,"href":"https:\/\/ticass.ujep.cz\/perspectives\/wp-json\/wp\/v2\/users\/1"}],"replies":[{"embeddable":true,"href":"https:\/\/ticass.ujep.cz\/perspectives\/wp-json\/wp\/v2\/comments?post=20"}],"version-history":[{"count":17,"href":"https:\/\/ticass.ujep.cz\/perspectives\/wp-json\/wp\/v2\/pages\/20\/revisions"}],"predecessor-version":[{"id":869,"href":"https:\/\/ticass.ujep.cz\/perspectives\/wp-json\/wp\/v2\/pages\/20\/revisions\/869"}],"wp:attachment":[{"href":"https:\/\/ticass.ujep.cz\/perspectives\/wp-json\/wp\/v2\/media?parent=20"}],"curies":[{"name":"wp","href":"https:\/\/api.w.org\/{rel}","templated":true}]}}