{"id":16,"date":"2020-07-21T10:03:43","date_gmt":"2020-07-21T10:03:43","guid":{"rendered":"http:\/\/perspectives.ujep.cz\/?page_id=16"},"modified":"2020-09-04T13:32:45","modified_gmt":"2020-09-04T13:32:45","slug":"speakers","status":"publish","type":"page","link":"https:\/\/ticass.ujep.cz\/perspectives\/speakers\/","title":{"rendered":"SPEAKERS"},"content":{"rendered":"\n<div class=\"wp-block-group\"><div class=\"wp-block-group__inner-container\">\n<h3 class=\"xh3\">Keynote Speakers<\/h3>\n\n\n\n<div class=\"wp-block-columns xlink\">\n<div class=\"wp-block-column\">\n<p class=\"has-text-align-center\"><a href=\"http:\/\/perspectives.ujep.cz\/?p=223\" target=\"_blank\" rel=\"noreferrer noopener\">J\u00e1nos Szoboszlai<\/a><\/p>\n<\/div>\n\n\n\n<div class=\"wp-block-column\">\n<p class=\"has-text-align-center\"><a href=\"http:\/\/perspectives.ujep.cz\/?p=227\" target=\"_blank\" rel=\"noreferrer noopener\">\u0141ukasz Sk\u0105pski<\/a><\/p>\n<\/div>\n\n\n\n<div class=\"wp-block-column\">\n<p class=\"has-text-align-center\"><a href=\"http:\/\/perspectives.ujep.cz\/?p=205\" target=\"_blank\" rel=\"noreferrer noopener\">Roberto Farn\u00e9<\/a><\/p>\n<\/div>\n<\/div>\n\n\n\n<div class=\"wp-block-columns are-vertically-aligned-top xlink\">\n<div class=\"wp-block-column is-vertically-aligned-top\">\n<h3 class=\"xh3\">Medium<br>As a Message<br>in Visual<br>Arts<\/h3>\n\n\n\n<p class=\"has-text-align-center\"><a rel=\"noreferrer noopener\" href=\"http:\/\/perspectives.ujep.cz\/?p=215\" target=\"_blank\">Eva Mr\u00e1zikov\u00e1<\/a><\/p>\n\n\n\n<p class=\"has-text-align-center\"><a rel=\"noreferrer noopener\" href=\"http:\/\/perspectives.ujep.cz\/?p=189\" target=\"_blank\">Lenka S\u00fdkorov\u00e1<\/a><\/p>\n\n\n\n<p class=\"has-text-align-center\"><a rel=\"noreferrer noopener\" href=\"http:\/\/perspectives.ujep.cz\/?p=201\" target=\"_blank\">Justyna Gorkowicz<\/a><\/p>\n\n\n\n<p class=\"has-text-align-center\"><a rel=\"noreferrer noopener\" href=\"http:\/\/perspectives.ujep.cz\/?p=203\" target=\"_blank\">Jaros\u0142aw Solecki<\/a><\/p>\n\n\n\n<p class=\"has-text-align-center\"><a rel=\"noreferrer noopener\" href=\"http:\/\/perspectives.ujep.cz\/?p=180\" target=\"_blank\">Barbora H\u00e1jkov\u00e1<\/a><\/p>\n\n\n\n<p class=\"has-text-align-center\"><a rel=\"noreferrer noopener\" href=\"http:\/\/perspectives.ujep.cz\/?p=182\" target=\"_blank\">Tereza Havlovicov\u00e1<\/a><\/p>\n\n\n\n<p class=\"has-text-align-center\"><a rel=\"noreferrer noopener\" href=\"http:\/\/perspectives.ujep.cz\/?p=209\" target=\"_blank\">Pavel Matou\u0161ek<\/a><\/p>\n\n\n\n<p class=\"has-text-align-center\"><a rel=\"noreferrer noopener\" href=\"http:\/\/perspectives.ujep.cz\/?p=187\" target=\"_blank\">Yea-Eun Jang<\/a><\/p>\n\n\n\n<p class=\"has-text-align-center\"><a rel=\"noreferrer noopener\" href=\"http:\/\/perspectives.ujep.cz\/?p=178\" target=\"_blank\">Dirk Gro\u00dfer<\/a><\/p>\n<\/div>\n\n\n\n<div class=\"wp-block-column is-vertically-aligned-top\">\n<h3 class=\"xh3\">Education Approaches Focus on Visual Thinking<\/h3>\n\n\n\n<p class=\"has-text-align-center\"><a rel=\"noreferrer noopener\" href=\"http:\/\/perspectives.ujep.cz\/?p=185\" target=\"_blank\">Dorota Hrycak-Krzy\u017canowska<\/a><\/p>\n\n\n\n<p class=\"has-text-align-center\"><a rel=\"noreferrer noopener\" href=\"http:\/\/perspectives.ujep.cz\/?p=199\" target=\"_blank\">Tsawe-Munga wa Chidongo<\/a><\/p>\n\n\n\n<p class=\"has-text-align-center\"><a rel=\"noreferrer noopener\" href=\"http:\/\/perspectives.ujep.cz\/?p=165\" target=\"_blank\">Kate\u0159ina Dytrtov\u00e1<\/a><\/p>\n\n\n\n<p class=\"has-text-align-center\"><a rel=\"noreferrer noopener\" href=\"http:\/\/perspectives.ujep.cz\/?p=168\" target=\"_blank\">Martin Raudensk\u00fd<\/a><\/p>\n\n\n\n<p class=\"has-text-align-center\"><a rel=\"noreferrer noopener\" href=\"http:\/\/perspectives.ujep.cz\/?p=162\" target=\"_blank\">Alena Drury Sojkov\u00e1<\/a><\/p>\n\n\n\n<p class=\"has-text-align-center\"><a rel=\"noreferrer noopener\" href=\"http:\/\/perspectives.ujep.cz\/?p=172\" target=\"_blank\">Jitka G\u00e9ringov\u00e1<\/a><\/p>\n\n\n\n<p class=\"has-text-align-center\"><a rel=\"noreferrer noopener\" href=\"http:\/\/perspectives.ujep.cz\/?p=176\" target=\"_blank\">Dagmar My\u0161\u00e1kov\u00e1<\/a><\/p>\n\n\n\n<p class=\"has-text-align-center\"><a rel=\"noreferrer noopener\" href=\"http:\/\/perspectives.ujep.cz\/?p=174\" target=\"_blank\">Patricie Pleyerov\u00e1<\/a><\/p>\n\n\n\n<p class=\"has-text-align-center\"><a rel=\"noreferrer noopener\" href=\"http:\/\/perspectives.ujep.cz\/?p=153\" target=\"_blank\">Ma\u0142gorzata Dancewicz<\/a><\/p>\n\n\n\n<p class=\"has-text-align-center\"><a rel=\"noreferrer noopener\" href=\"http:\/\/perspectives.ujep.cz\/?p=191\" target=\"_blank\">Ji\u0159\u00ed Kombrza<\/a><\/p>\n\n\n\n<p class=\"has-text-align-center\"><a rel=\"noreferrer noopener\" href=\"http:\/\/perspectives.ujep.cz\/?p=193\" target=\"_blank\">Ond\u0159ej Pe\u0161out<\/a><\/p>\n\n\n\n<p class=\"has-text-align-center\"><a rel=\"noreferrer noopener\" href=\"http:\/\/perspectives.ujep.cz\/?p=158\" target=\"_blank\">Rosita Deluigi<\/a><\/p>\n<\/div>\n\n\n\n<div class=\"wp-block-column is-vertically-aligned-top\">\n<h3 class=\"xh3\">Visual Literacy As a Tool for Creative Thinking<\/h3>\n\n\n\n<p class=\"has-text-align-center\"><a rel=\"noreferrer noopener\" href=\"http:\/\/perspectives.ujep.cz\/?p=207\" target=\"_blank\">Aleksandra \u0141ukaszewicz Alcaraz<\/a><\/p>\n\n\n\n<p class=\"has-text-align-center\"><a rel=\"noreferrer noopener\" href=\"http:\/\/perspectives.ujep.cz\/?p=225\" target=\"_blank\">Flavia Stara<\/a><\/p>\n\n\n\n<p class=\"has-text-align-center\"><a rel=\"noreferrer noopener\" href=\"http:\/\/perspectives.ujep.cz\/?p=149\" target=\"_blank\">Giuseppe Capriotti<\/a><\/p>\n\n\n\n<p class=\"has-text-align-center\"><a rel=\"noreferrer noopener\" href=\"http:\/\/perspectives.ujep.cz\/?p=211\" target=\"_blank\">Michael Maua<\/a><\/p>\n\n\n\n<p class=\"has-text-align-center\"><a rel=\"noreferrer noopener\" href=\"http:\/\/perspectives.ujep.cz\/?p=197\" target=\"_blank\">Jakub Konupka<\/a><\/p>\n\n\n\n<p class=\"has-text-align-center\"><a rel=\"noreferrer noopener\" href=\"http:\/\/perspectives.ujep.cz\/?p=219\" target=\"_blank\">Mark\u00e9ta Neme\u0161kalov\u00e1<\/a><\/p>\n\n\n\n<p class=\"has-text-align-center\"><a rel=\"noreferrer noopener\" href=\"http:\/\/perspectives.ujep.cz\/?p=221\" target=\"_blank\">Mat\u011bj V\u00e1zal<\/a><\/p>\n\n\n\n<p class=\"has-text-align-center\"><a rel=\"noreferrer noopener\" href=\"http:\/\/perspectives.ujep.cz\/?p=217\" target=\"_blank\">Barbora M\u00fcllerov\u00e1<\/a><\/p>\n\n\n\n<p class=\"has-text-align-center\"><a rel=\"noreferrer noopener\" href=\"http:\/\/perspectives.ujep.cz\/?p=213\" target=\"_blank\">Karel M\u00ed\u0161ek<\/a><\/p>\n\n\n\n<p class=\"has-text-align-center\"><a rel=\"noreferrer noopener\" href=\"http:\/\/perspectives.ujep.cz\/?p=230\" target=\"_blank\">Yasha Rozov<\/a><\/p>\n<\/div>\n<\/div>\n<\/div><\/div>\n","protected":false},"excerpt":{"rendered":"<a class=\"read-more-link\" href=\" https:\/\/ticass.ujep.cz\/perspectives\/speakers\/ \">Read more<\/a>","protected":false},"author":1,"featured_media":0,"parent":0,"menu_order":0,"comment_status":"closed","ping_status":"closed","template":"","meta":[],"_links":{"self":[{"href":"https:\/\/ticass.ujep.cz\/perspectives\/wp-json\/wp\/v2\/pages\/16"}],"collection":[{"href":"https:\/\/ticass.ujep.cz\/perspectives\/wp-json\/wp\/v2\/pages"}],"about":[{"href":"https:\/\/ticass.ujep.cz\/perspectives\/wp-json\/wp\/v2\/types\/page"}],"author":[{"embeddable":true,"href":"https:\/\/ticass.ujep.cz\/perspectives\/wp-json\/wp\/v2\/users\/1"}],"replies":[{"embeddable":true,"href":"https:\/\/ticass.ujep.cz\/perspectives\/wp-json\/wp\/v2\/comments?post=16"}],"version-history":[{"count":17,"href":"https:\/\/ticass.ujep.cz\/perspectives\/wp-json\/wp\/v2\/pages\/16\/revisions"}],"predecessor-version":[{"id":700,"href":"https:\/\/ticass.ujep.cz\/perspectives\/wp-json\/wp\/v2\/pages\/16\/revisions\/700"}],"wp:attachment":[{"href":"https:\/\/ticass.ujep.cz\/perspectives\/wp-json\/wp\/v2\/media?parent=16"}],"curies":[{"name":"wp","href":"https:\/\/api.w.org\/{rel}","templated":true}]}}